{"id":9926,"date":"2019-12-03T12:50:56","date_gmt":"2019-12-03T11:50:56","guid":{"rendered":"http:\/\/192.168.10.16\/newsportal\/stadtzeitung\/?page_id=9926"},"modified":"2019-12-03T12:55:03","modified_gmt":"2019-12-03T11:55:03","slug":"datenschutz","status":"publish","type":"page","link":"https:\/\/www.die-stadtzeitung.de\/index.php\/datenschutz\/","title":{"rendered":"Datenschutz"},"content":{"rendered":"<h2>Datenschutzerkl\u00e4rung<\/h2>\n<p>Die Nutzung unserer Seite ist ohne eine Angabe von personenbezogenen Daten m\u00f6glich. F\u00fcr die Nutzung einzelner Services unserer Seite k\u00f6nnen sich hierf\u00fcr abweichende Regelungen ergeben, die in diesem Falle nachstehend gesondert erl\u00e4utert werden. Ihre personenbezogenen Daten (z.B. Name, Anschrift, E-Mail, Telefonnummer, u.\u00e4.) werden von uns nur gem\u00e4\u00df den Bestimmungen des deutschen Datenschutzrechts verarbeitet. Daten sind dann personenbezogen, wenn sie eindeutig einer bestimmten nat\u00fcrlichen Person zugeordnet werden k\u00f6nnen. Die rechtlichen Grundlagen des Datenschutzes finden Sie im Bundesdatenschutzgesetz (BDSG) und dem Telemediengesetz (TMG). Nachstehende Regelungen informieren Sie insoweit \u00fcber die Art, den Umfang und Zweck der Erhebung, die Nutzung und die Verarbeitung von personenbezogenen Daten durch den Anbieter<\/p>\n<p><strong>Die Stadtzeitung Wuppertal GmbH<br \/>\n<\/strong><\/p>\n<p><strong>0202 75 89 03-30<\/strong><\/p>\n<p><strong><span id=\"cloak3da8ac1c3fdb11e426f368fc15cffaa7\"><a href=\"mailto:info@diestadtzeitung.de\">info@diestadtzeitung.de<\/a><\/span><\/strong><\/p>\n<p>Wir weisen darauf hin, dass die internetbasierte Daten\u00fcbertragung Sicherheitsl\u00fccken aufweist, ein l\u00fcckenloser Schutz vor Zugriffen durch Dritte somit unm\u00f6glich ist.<\/p>\n<h4>Serverdaten<\/h4>\n<p>Aus technischen Gr\u00fcnden werden u.a. folgende Daten, die Ihr Internet-Browser an uns bzw. an unseren Webspace-Provider \u00fcbermittelt, erfasst (sogenannte Serverlogfiles):<\/p>\n<p>&#8211; Browsertyp und -version<br \/>\n&#8211; verwendetes Betriebssystem<br \/>\n&#8211; Webseite, von der aus Sie uns besuchen (Referrer URL)<br \/>\n&#8211; Webseite, die Sie besuchen<br \/>\n&#8211; Datum und Uhrzeit Ihres Zugriffs<br \/>\n&#8211; Ihre Internet Protokoll (IP)-Adresse.<\/p>\n<p>Diese anonymen Daten werden getrennt von Ihren eventuell angegebenen personenbezogenen Daten gespeichert und lassen so keine R\u00fcckschl\u00fcsse auf eine bestimmte Person zu. Sie werden zu statistischen Zwecken ausgewertet, um unseren Internetauftritt und unsere Angebote optimieren zu k\u00f6nnen.<\/p>\n<h4>Newsletter<\/h4>\n<p>Wir bieten Ihnen auf unserer Seite die M\u00f6glichkeit, unseren Newsletter zu abonnieren. Mit diesem Newsletter informieren wir in regelm\u00e4\u00dfigen Abst\u00e4nden \u00fcber unsere Angebote. Um unseren Newsletter empfangen zu k\u00f6nnen, ben\u00f6tigen Sie eine g\u00fcltige E-Mailadresse. Die von Ihnen eingetragene E-Mail-Adresse werden wir dahingehend \u00fcberpr\u00fcfen, ob Sie tats\u00e4chlich der Inhaber der angegebenen E-Mail-Adresse sind bzw. deren Inhaber den Empfang des Newsletters autorisiert ist. Mit Ihrer Anmeldung zu unserem Newsletter werden wir Ihre IP-Adresse und das Datum sowie die Uhrzeit Ihrer Anmeldung speichern. Dies dient in dem Fall, dass ein Dritter Ihre E-Mail-Adresse missbraucht und ohne Ihr Wissen unseren Newsletter abonniert, als Absicherung unsererseits. Weitere Daten werden unsererseits nicht erhoben. Die so erhobenen Daten werden ausschlie\u00dflich f\u00fcr den Bezug unseres Newsletters verwendet. Eine Weitergabe an Dritte erfolgt nicht. Ein Abgleich der so erhobenen Daten mit Daten, die m\u00f6glicherweise durch andere Komponenten unserer Seite erhoben werden, erfolgt ebenfalls nicht. Das Abonnement dieses Newsletters k\u00f6nnen Sie jederzeit k\u00fcndigen. Einzelheiten hierzu k\u00f6nnen Sie der Best\u00e4tigungsmail sowie jedem einzelnen Newsletter entnehmen.<\/p>\n<h4>Kontaktm\u00f6glichkeit<\/h4>\n<p>Wir bieten Ihnen auf unserer Seite die M\u00f6glichkeit, mit uns per E-Mail und\/oder \u00fcber ein Kontaktformular in Verbindung zu treten. In diesem Fall werden die vom Nutzer gemachten Angaben zum Zwecke der Bearbeitung seiner Kontaktaufnahme gespeichert. Eine Weitergabe an Dritte erfolgt nicht. Ein Abgleich der so erhobenen Daten mit Daten, die m\u00f6glicherweise durch andere Komponenten unserer Seite erhoben werden, erfolgt ebenfalls nicht.<\/p>\n<h4>Einsatz von Google-Analytics mit Anonymisierungsfunktion<\/h4>\n<p>Wir setzen auf unserer Seite Google-Analytics, einen Webanalysedienst der Firma Google Inc., 1600 Amphitheatre Parkway, Mountain View, CA 94043 USA, nachfolgend \u201eGoogle\u201c ein. Google-Analytics verwendet sog. \u201eCookies\u201c, Textdateien, die auf Ihrem Computer gespeichert werden und hierdurch eine Analyse der Benutzung der Website durch Sie erm\u00f6glichen.<br \/>\nDie durch diese Cookies erzeugten Informationen, beispielsweise Zeit, Ort und H\u00e4ufigkeit Ihres Webseiten-Besuchs einschlie\u00dflich Ihrer IP-Adresse, werden an Google in den USA \u00fcbertragen und dort gespeichert.<br \/>\nWir verwenden auf unserer Website Google-Analytics mit dem Zusatz &#8222;_gat._anonymizeIp&#8220;. Ihre IP-Adresse wird in diesem Fall von Google schon innerhalb von Mitgliedstaaten der Europ\u00e4ischen Union oder in anderen Vertragsstaaten des Abkommens \u00fcber den Europ\u00e4ischen Wirtschaftsraum gek\u00fcrzt und dadurch anonymisiert.<br \/>\nGoogle wird diese Informationen benutzen, um Ihre Nutzung unserer Seite auszuwerten, um Reports \u00fcber die Websiteaktivit\u00e4ten f\u00fcr uns zusammenzustellen und um weitere mit der Websitenutzung und der Internetnutzung verbundene Dienstleistungen zu erbringen. Auch wird Google diese Informationen gegebenenfalls an Dritte \u00fcbertragen, sofern dies gesetzlich vorgeschrieben oder soweit Dritte diese Daten im Auftrag von Google verarbeiten.<br \/>\nGoogle wird, nach eigenen Angaben, in keinem Fall Ihre IP-Adresse mit anderen Daten von Google in Verbindung bringen. Sie k\u00f6nnen die Installation der Cookies durch eine entsprechende Einstellung Ihrer Browser-Software verhindern; wir weisen Sie jedoch darauf hin, dass Sie in diesem Fall gegebenenfalls nicht s\u00e4mtliche Funktionen unserer Website vollumf\u00e4nglich nutzen k\u00f6nnen.<\/p>\n<p>Des Weiteren bietet Google f\u00fcr die g\u00e4ngigsten Browser ein Deaktivierungs-Add-on an, welches Ihnen mehr Kontrolle dar\u00fcber gibt, welche Daten von Google zu der von Ihnen aufgerufenen Websites erfasst werden. Das Add-on teilt dem JavaScript (ga.js) von Google Analytics mit, dass keine Informationen zum Website-Besuch an Google Analytics \u00fcbermittelt werden sollen. Das Deaktivierungs-Add-on f\u00fcr Browser von Google Analytics verhindert aber nicht, dass Informationen an uns oder an andere von uns gegebenenfalls eingesetzte Webanalyse-Services \u00fcbermittelt werden. Weitere Informationen zur Installation des Browser Add-on erhalten Sie \u00fcber nachfolgenden Link: <a href=\"https:\/\/tools.google.com\/dlpage\/gaoptout?hl=de\" target=\"_blank\" rel=\"nofollow noopener noreferrer\">https:\/\/tools.google.com\/dlpage\/gaoptout?hl=de<\/a><\/p>\n<h4>Einsatz von facebook-Komponenten<\/h4>\n<p>Wir setzen auf unserer Seite Komponenten des Anbieters facebook.com ein. Facebook ist ein Service der facebook Inc., 1601 S. California Ave, Palo Alto, CA 94304, USA.<br \/>\nBei jedem einzelnen Abruf unserer Webseite, die mit einer solchen Komponente ausgestattet ist, veranlasst diese Komponente, dass der von Ihnen verwendete Browser eine entsprechende Darstellung der Komponente von facebook herunterl\u00e4dt. Durch diesen Vorgang wird facebook dar\u00fcber in Kenntnis gesetzt, welche konkrete Seite unserer Internetpr\u00e4senz gerade durch Sie besucht wird.<br \/>\nWenn Sie unsere Seite aufrufen und w\u00e4hrenddessen bei facebook eingeloggt sind, erkennt facebook durch die von der Komponente gesammelte Information, welche konkrete Seite Sie besuchen und ordnet diese Informationen Ihrem pers\u00f6nlichen Account auf facebook zu. Klicken Sie z.B. den \u00a0\u201eGef\u00e4llt mir\u201c-Button an oder geben Sie entsprechende Kommentare ab, werden diese Informationen an Ihr pers\u00f6nliches Benutzerkonto auf facebook \u00fcbermittelt und dort gespeichert. Dar\u00fcber hinaus wird die Information, dass Sie unsere Seite besucht haben, an facebook weiter gegeben. Dies geschieht unabh\u00e4ngig davon, ob Sie die Komponente anklicken oder nicht.<br \/>\nWenn Sie diese \u00dcbermittlung und Speicherung von Daten \u00fcber Sie und Ihr Verhalten auf unserer Webseite durch facebook unterbinden wollen, m\u00fcssen Sie sich bei facebook ausloggen und zwar bevor Sie unsere Seite besuchen. Die Datenschutzhinweise von facebook geben hierzu n\u00e4here Informationen, insbesondere zur Erhebung und Nutzung der Daten durch facebook, zu Ihren diesbez\u00fcglichen Rechten sowie zu den Einstellungsm\u00f6glichkeiten zum Schutz Ihrer Privatsph\u00e4re: <a href=\"https:\/\/de-de.facebook.com\/about\/privacy\/\" target=\"_blank\" rel=\"nofollow noopener noreferrer\">https:\/\/de-de.facebook.com\/about\/privacy\/<\/a><br \/>\nZudem sind am Markt externe Tools erh\u00e4ltlich, mit denen Facebook-Social-Plugins mit Add-ons f\u00fcr alle g\u00e4ngigen Browser blockiert werden k\u00f6nnen <a href=\"http:\/\/webgraph.com\/resources\/facebookblocker\/\" target=\"_blank\" rel=\"nofollow noopener noreferrer\">http:\/\/webgraph.com\/resources\/facebookblocker\/<\/a><br \/>\nEine \u00dcbersicht \u00fcber die Facebook-Plugins finden Sie unter <a href=\"https:\/\/developers.facebook.com\/docs\/plugins\/\" target=\"_blank\" rel=\"nofollow noopener noreferrer\">https:\/\/developers.facebook.com\/docs\/plugins\/<\/a><\/p>\n<h4>Z\u00e4hlpixel Verwertungsgesellschaft WORT (VG WORT)<\/h4>\n<p>Wir setzen auf unserer Seite das sogenannte &#8222;Z\u00e4hlpixel&#8220; der Verwertungsgesellschaft WORT in Form des SZM (\u201eSkalierbare Zentrale Messverfahren\u201c) des Anbieters INFOnline GmbH (INFOnline GmbH, Forum Bonn Nord, Br\u00fchler Str. 9, 53119 Bonn) f\u00fcr die Ermittlung von statistischen Kennzahlen in Bezug auf die Kopierwahrscheinlichkeit von Texten ein.<\/p>\n<p>Die dabei erlangten Daten werden anonym erhoben. Die Erfassung der Zugriffszahlen verwendet zur Wiedererkennung von Besuchern unserer Seite entweder ein sog. Session-Cookie oder eine Signatur, die aus verschiedenen automatisch \u00fcbertragenen Informationen Ihres Browsers erstellt wird. Die IP-Adresse wird dabei nur in anonymisierter Form verarbeitet. Zu keinem Zeitpunkt werden hierf\u00fcr einzelne Nutzer identifiziert. Durch dieses Verfahren soll die Kopierwahrscheinlichkeit einzelner Texte ermittelt werden.<\/p>\n<h4>Auskunft\/Widerruf\/L\u00f6schung<\/h4>\n<p>Sie k\u00f6nnen sich aufgrund des Bundesdatenschutzgesetzes bei Fragen zur Erhebung, Verarbeitung oder Nutzung Ihrer personenbezogenen Daten und deren Berichtigung, Sperrung, L\u00f6schung oder einem Widerruf einer erteilten Einwilligung unentgeltlich an uns wenden. Wir weisen darauf hin, dass Ihnen ein Recht auf Berichtigung falscher Daten oder L\u00f6schung personenbezogener Daten zusteht, sollte diesem Anspruch keine gesetzliche Aufbewahrungspflicht entgegenstehen.<\/p>\n<p><a href=\"https:\/\/www.ratgeberrecht.eu\/leistungen\/muster-datenschutzerklaerung.html\" target=\"_blank\" rel=\"noopener noreferrer\">Muster-Datenschutzerkl\u00e4rung<\/a> der Anwaltskanzlei Wei\u00df &amp; Partner<\/p>\n","protected":false},"excerpt":{"rendered":"<p>Datenschutzerkl\u00e4rung Die Nutzung unserer Seite ist ohne eine Angabe von personenbezogenen Daten m\u00f6glich. F\u00fcr die Nutzung einzelner Services unserer Seite k\u00f6nnen sich hierf\u00fcr abweichende Regelungen ergeben, die in diesem Falle nachstehend gesondert erl\u00e4utert werden. Ihre personenbezogenen Daten (z.B. Name, Anschrift, E-Mail, Telefonnummer, u.\u00e4.) werden von uns nur gem\u00e4\u00df den Bestimmungen des deutschen Datenschutzrechts verarbeitet. Daten [&hellip;]<\/p>\n","protected":false},"author":1,"featured_media":0,"parent":0,"menu_order":0,"comment_status":"closed","ping_status":"closed","template":"","meta":{"footnotes":""},"class_list":["post-9926","page","type-page","status-publish","hentry"],"publishpress_future_action":{"enabled":false,"date":"2026-05-06 03:19:34","action":"change-status","newStatus":"draft","terms":[],"taxonomy":"","extraData":[]},"publishpress_future_workflow_manual_trigger":{"enabledWorkflows":[]},"_links":{"self":[{"href":"https:\/\/www.die-stadtzeitung.de\/index.php\/wp-json\/wp\/v2\/pages\/9926","targetHints":{"allow":["GET"]}}],"collection":[{"href":"https:\/\/www.die-stadtzeitung.de\/index.php\/wp-json\/wp\/v2\/pages"}],"about":[{"href":"https:\/\/www.die-stadtzeitung.de\/index.php\/wp-json\/wp\/v2\/types\/page"}],"author":[{"embeddable":true,"href":"https:\/\/www.die-stadtzeitung.de\/index.php\/wp-json\/wp\/v2\/users\/1"}],"replies":[{"embeddable":true,"href":"https:\/\/www.die-stadtzeitung.de\/index.php\/wp-json\/wp\/v2\/comments?post=9926"}],"version-history":[{"count":3,"href":"https:\/\/www.die-stadtzeitung.de\/index.php\/wp-json\/wp\/v2\/pages\/9926\/revisions"}],"predecessor-version":[{"id":10570,"href":"https:\/\/www.die-stadtzeitung.de\/index.php\/wp-json\/wp\/v2\/pages\/9926\/revisions\/10570"}],"wp:attachment":[{"href":"https:\/\/www.die-stadtzeitung.de\/index.php\/wp-json\/wp\/v2\/media?parent=9926"}],"curies":[{"name":"wp","href":"https:\/\/api.w.org\/{rel}","templated":true}]}}