{"id":9787,"date":"2019-12-03T12:49:51","date_gmt":"2019-12-03T11:49:51","guid":{"rendered":"http:\/\/192.168.10.16\/newsportal\/stadtzeitung\/?page_id=9787"},"modified":"2023-09-12T14:34:01","modified_gmt":"2023-09-12T12:34:01","slug":"kontakt","status":"publish","type":"page","link":"https:\/\/www.die-stadtzeitung.de\/index.php\/kontakt\/","title":{"rendered":"Kontakt"},"content":{"rendered":"<p>Haben Sie Fragen? Wir freuen uns \u00fcber Ihre Kontaktaufnahme<\/p>\n<p>Die Stadtzeitung Wuppertal<br \/>\nLise-Meitner-Stra\u00dfe 5<\/p>\n<p>42119 Wuppertal<\/p>\n<p><strong>Leitung, Werbung &amp; Advertorials:<\/strong><br \/>\nHendrik St\u00f6tter<br \/>\nTelefon: 0202 \/ 695 90 90<br \/>\nE-Mail: <a href=\"mailto:media@itrium.de\">media@itrium.de<\/a><\/p>\n<p><strong>Redaktion:<br \/>\n<\/strong>Peter Pionke<br \/>\nTel.: 0172 299 83 38<br \/>\nE-Mail: <a href=\"mailto:info@diestadtzeitung.de\">info@diestadtzeitung.de<\/a><\/p>\n","protected":false},"excerpt":{"rendered":"<p>Haben Sie Fragen? Wir freuen uns \u00fcber Ihre Kontaktaufnahme Die Stadtzeitung Wuppertal Lise-Meitner-Stra\u00dfe 5 42119 Wuppertal Leitung, Werbung &amp; Advertorials: Hendrik St\u00f6tter Telefon: 0202 \/ 695 90 90 E-Mail: media@itrium.de Redaktion: Peter Pionke Tel.: 0172 299 83 38 E-Mail: info@diestadtzeitung.de<\/p>\n","protected":false},"author":1,"featured_media":0,"parent":0,"menu_order":0,"comment_status":"closed","ping_status":"closed","template":"","meta":{"footnotes":""},"class_list":["post-9787","page","type-page","status-publish","hentry"],"publishpress_future_action":{"enabled":false,"date":"2026-05-14 18:08:29","action":"change-status","newStatus":"draft","terms":[],"taxonomy":"","extraData":[]},"publishpress_future_workflow_manual_trigger":{"enabledWorkflows":[]},"_links":{"self":[{"href":"https:\/\/www.die-stadtzeitung.de\/index.php\/wp-json\/wp\/v2\/pages\/9787","targetHints":{"allow":["GET"]}}],"collection":[{"href":"https:\/\/www.die-stadtzeitung.de\/index.php\/wp-json\/wp\/v2\/pages"}],"about":[{"href":"https:\/\/www.die-stadtzeitung.de\/index.php\/wp-json\/wp\/v2\/types\/page"}],"author":[{"embeddable":true,"href":"https:\/\/www.die-stadtzeitung.de\/index.php\/wp-json\/wp\/v2\/users\/1"}],"replies":[{"embeddable":true,"href":"https:\/\/www.die-stadtzeitung.de\/index.php\/wp-json\/wp\/v2\/comments?post=9787"}],"version-history":[{"count":3,"href":"https:\/\/www.die-stadtzeitung.de\/index.php\/wp-json\/wp\/v2\/pages\/9787\/revisions"}],"predecessor-version":[{"id":68159,"href":"https:\/\/www.die-stadtzeitung.de\/index.php\/wp-json\/wp\/v2\/pages\/9787\/revisions\/68159"}],"wp:attachment":[{"href":"https:\/\/www.die-stadtzeitung.de\/index.php\/wp-json\/wp\/v2\/media?parent=9787"}],"curies":[{"name":"wp","href":"https:\/\/api.w.org\/{rel}","templated":true}]}}