{"id":10063,"date":"2019-12-03T12:51:43","date_gmt":"2019-12-03T11:51:43","guid":{"rendered":"http:\/\/192.168.10.16\/newsportal\/stadtzeitung\/?page_id=10063"},"modified":"2023-09-12T14:27:41","modified_gmt":"2023-09-12T12:27:41","slug":"impressum","status":"publish","type":"page","link":"https:\/\/www.die-stadtzeitung.de\/index.php\/impressum\/","title":{"rendered":"Impressum"},"content":{"rendered":"<h3><strong>Die STADTZEITUNG Wuppertal<\/strong><\/h3>\n<p>Angaben gem\u00e4\u00df \u00a7 5 TMG:<\/p>\n<p>itrium .softwaretechnik<br \/>\nHendrik St\u00f6tter<br \/>\nLise-Meitner-Stra\u00dfe 5, 42119 Wuppertal<br \/>\nTelefon: 0202 \/ 695 90 90<\/p>\n<p><strong>Leitung, Werbung &amp; Advertorials:<\/strong><br \/>\nHendrik St\u00f6tter<br \/>\nTelefon: 0202 \/ 695 90 90<br \/>\nE-Mail: <a href=\"mailto:media@itrium.de\">media@itrium.de<\/a><\/p>\n<p><strong>Chefredaktion:<br \/>\n<\/strong>Peter Pionke<br \/>\nMobil: 0049 172 299 8338<br \/>\nE-mail: <span id=\"cloakc10fe62b90d944ca750939f199214bea\"><a href=\"mailto:p.pionke@diestadtzeitung.de\">p.pionke@diestadtzeitung.de<\/a><\/span><\/p>\n<p><strong>\u00a0<\/strong><\/p>\n<p>Die von uns gesetzten, gestalteten und ver\u00f6ffentlichten Texte, Fotos und Anzeigen d\u00fcrfen nur mit ausdr\u00fccklicher, schriftlicher Genehmigung des Verlages reproduziert, nachgedruckt oder elektronisch aufbereitet werden.<\/p>\n<p>&nbsp;<\/p>\n<p><strong>Haftungsausschlu\u00df<\/strong><\/p>\n<p><strong>1. HAFTUNGSAUSSCHLUSS BEZ\u00dcGLICH WEBSITE-CONTENT<\/strong><\/p>\n<p>Die Stadtzeitung Wuppertal, verbundene Unternehmen von Die Stadtzeitung Wuppertal und sonstige Personen, die an Entwicklung, Herstellung, Hosting oder Lieferung von Website-Content beteiligt sind, haften nicht f\u00fcr direkte, indirekte, konkrete, beil\u00e4ufig entstandene, Folgesch\u00e4den oder Strafe einschlie\u00dfenden Schadenersatz, unter anderem nicht f\u00fcr Datenverlust, entgangenen Gewinn, Gesch\u00e4ftsunterbrechung oder entstandenen Zeitverlust oder Sch\u00e4den jeglicher Art (unter anderem nicht f\u00fcr solche Sch\u00e4den, die fahrl\u00e4ssig und aufgrund sonstiger Vergehen verursacht wurden), welche aus der Verwendung von Website-Content oder der Unf\u00e4higkeit entstehen, denselben verwenden zu k\u00f6nnen, auch wenn Die Stadtzeitung Wuppertal oder einem bevollm\u00e4chtigten Vertreter die M\u00f6glichkeit solcher Sch\u00e4den mitgeteilt wurde. Das ma\u00dfgebliche Recht kann die Haftungsausschl\u00fcsse dieses Abschnittes in allen F\u00e4llen verbieten. Die Haftungsausschl\u00fcsse dieses Abschnittes finden (dann) nur im maximal zul\u00e4ssigen Umfang, wie gem\u00e4\u00df dem ma\u00dfgeblichen Recht zul\u00e4ssig, Anwendung. Die Haftung von Die Stadtzeitung Wuppertal f\u00fcr Sch\u00e4den und Verluste (nach dem Vertragsrecht, den Bestimmungen \u00fcber Fahrl\u00e4ssigkeit, dem Deliktrecht oder in sonstiger Weise) ist in keinem Fall h\u00f6her als der Betrag, den der Benutzer f\u00fcr den Zugriff auf diese Website gezahlt hat (sofern nicht anderslautend zwingend nach dem ma\u00dfgeblichen Recht vorgeschrieben). Keine Bestimmung dieser Bedingungen ist als Ausschlu\u00df der Haftung von Die Stadtzeitung Wuppertal oder Verbundener Unternehmen von Die Stadtzeitung Wuppertal im Fall von Tod oder Personensch\u00e4den auszulegen, die aufgrund von Fahrl\u00e4ssigkeit von Die Stadtzeitung Wuppertal oder Verbundener Unternehmen von Die Stadtzeitung Wuppertal entstehen.<\/p>\n<p><strong>2. HYPERTEXT-LINKS ZU UND VON DIESER WEBSITE<\/strong><\/p>\n<p>Sie sind verpflichtet, die schriftliche Genehmigung des Betreibers dieser Website zu beantragen und einzuholen, bevor Sie ein Link zu ihr herstellen k\u00f6nnen. Sog. &#8222;Deep Linking&#8220; ist streng untersagt. Alle Links zu dieser Website m\u00fcssen zur Homepage der Website f\u00fchren, sie m\u00fcssen verdeutlichen, dass diese Website und der Website-Content von der Website, welchen den Link enth\u00e4lt, getrennt zu betrachten sind, und sie m\u00fcssen weiterhin verdeutlichen, dass Die Stadtzeitung Wuppertal der Eigent\u00fcmer und\/oder Betreiber dieser Website ist. Die Stadtzeitung Wuppertal oder Dritte (mit Genehmigung, wie vorstehend beschrieben) k\u00f6nnen Hypertext-Links zu anderen Internet-Websites oder Ressourcen oder von diesen vorsehen. Die \u00dcbernahme solcher Links zu dieser Website erfolgt nur aus Gef\u00e4lligkeit und impliziert nicht, dass Die Stadtzeitung Wuppertal die andere Website oder jegliche Verbindung zu deren Betreibern bejaht. Die Stadtzeitung Wuppertal fordert Benutzer auf, beim Browsen auf ihren oder externen Websites und Ressourcen ein entsprechendes Urteilsverm\u00f6gen walten zu lassen. Einige Websites k\u00f6nnen Informationen enthalten, oder Benutzer mit Websites verbinden, die Informationen enthalten, die eventuell als unangemessen oder anst\u00f6\u00dfig gelten. Externe Websites k\u00f6nnen ihre eigenen Cookies an Benutzer \u00fcbertragen, Daten erfassen und\/oder pers\u00f6nliche Angaben verlangen. Die Aufnahme von Verbindungen zu jedweden externen Websites durch einen Benutzer erfolgt auf eigene Gefahr des Benutzers. Die Stadtzeitung Wuppertal hat keine \u00dcberpr\u00fcfung der Richtigkeit oder Zuverl\u00e4ssigkeit von Informationen auf externen Websites oder Ressourcen vorgenommen, die mit dieser Website \u00fcber Links verbunden sind oder auf die \u00fcber diese Website Zugriff genommen wird oder die Links zu der\/den Website(s) von Die Stadtzeitung Wuppertal enthalten. Die Stadtzeitung Wuppertal unterst\u00fctzt keine Inhalte, Werbung, Produkte, Support, Leistungen oder sonstigen Materialien, die auf solchen externen Websites oder Ressourcen oder \u00fcber diese erh\u00e4ltlich sind und Die Stadtzeitung Wuppertal haftet nicht f\u00fcr diese. Die Stadtzeitung Wuppertal ist nicht f\u00fcr die Richtigkeit, Einhaltung von Urheberrechten, Rechtm\u00e4\u00dfigkeit oder Schicklichkeit von Materialien und Informationen verantwortlich, die auf externen Websites oder in solchen Ressourcen enthalten sind, und Die Stadtzeitung Wuppertal schlie\u00dft jegliche ausdr\u00fcckliche und stillschweigend als mitvereinbart geltende Gew\u00e4hrleistung daf\u00fcr aus. Die Stadtzeitung Wuppertal haftet weder direkt noch indirekt f\u00fcr jedwede Sch\u00e4den oder Verluste, die verursacht werden oder angeblich verursacht werden durch die Verwendung jedweden Contents, Produkte, Support oder Leistungen, die auf oder \u00fcber externe Websites oder Ressourcen zur Verf\u00fcgung stehen, oder durch das Vertrauen auf diese. Ohne das Vorstehende einschr\u00e4nken zu wollen, gibt Die Stadtzeitung Wuppertal keine Gew\u00e4hrleistungen oder Zusicherungen bez\u00fcglich der Sicherheit jedweder Informationen (einschlie\u00dflich von Kreditkarteninformationen und sonstiger pers\u00f6nlicher Informationen), deren \u00dcbermittlung an einen Dritten vom Benutzer ggf. verlangt wird, und der Benutzer verzichtet auf jedwede Anspr\u00fcche gegen Die Stadtzeitung Wuppertal bez\u00fcglich solcher Angelegenheiten.<\/p>\n<p><strong>3. COPYRIGHT &#8211; RECHTE AM CONTENT DIESER WEBSITE<\/strong><\/p>\n<p>Die Stadtzeitung Wuppertal \u00fcbertr\u00e4gt keine Rechte an jeglichem Website-Content, der vom Benutzer heruntergeladen oder verwendet wird. Website-Content, unter anderem dessen Auswahl und Anordnung, ist Eigentum von Die Stadtzeitung Wuppertal oder der verbundenen Unternehmen von Die Stadtzeitung Wuppertal und\/oder ihrer Content- und Technologieprovider, und er ist durch Urheberrechte und sonstige Rechte gesch\u00fctzt. Die eingeschr\u00e4nkte Genehmigung zur Verwendung von Website-Content (f\u00fcr die Zwecke, die in vorstehendem Abschnitt genannt sind) ist ausdr\u00fccklich an die Bedingung der Anerkennung, Einhaltung und Bewahrung aller Urheberrechts-, Marken- und sonstigen Schutzrechtsvermerke im Website-Content und aller Schutzrechte und sonstigen Rechte von Die Stadtzeitung Wuppertal oder ihrer verbundenen Unternehmen und\/oder von Content- und Technologie-Providern an geistigem Eigentum am Website-Content gekn\u00fcpft. Der Benutzer erwirbt keinerlei Eigentumsrechte an E-mail-Adressen, URL oder sonstigen pers\u00f6nlichen Kennzeichnungen, die ihm zum Zwecke des Bezuges der \u00fcber diese Website verf\u00fcgbaren Leistungen zugeteilt oder von ihm gew\u00e4hlt werden. Die begrenzten Rechte des Benutzers betreffend die Nutzung derartiger Kennzeichnungen\/Anschriften behalten nur so lange Geltung, wie dessen Registrierung\/Benutzerkonto f\u00fcr den Zugriff auf diese Website oder die betreffenden Dienste g\u00fcltig ist. Nach Beendigung dieser G\u00fcltigkeitsdauer durch Die Stadtzeitung Wuppertal gleich aus welchem Grund, steht es Die Stadtzeitung Wuppertal frei, jede derartige Kennzeichnung\/Anschrift nach eigenem Ermessen zu verwenden bzw. an einen anderen Benutzer zu vergeben. Die nicht genehmigte Verwendung oder ein nicht genehmigtes Kopieren von Website-Content oder eine Verwendung von Website-Content, welche gegen diese Bestimmungen verst\u00f6\u00dft, kann zur Verletzung von Marken-, Urheberrechts- und sonstiger Schutzrechte sowie von zivil- und strafrechtlichen Bestimmungen f\u00fchren. Es ist den Benutzern untersagt, jeglichen Website-Content (oder jeglichen Content, der \u00fcber diese Website zur Verf\u00fcgung gestellt wird), in einer Weise zu verwenden, die eine Verletzung von Marken-, Urheberrechts- und sonstigen Schutzrechten darstellt. Die Stadtzeitung Wuppertal beh\u00e4lt sich alle Rechte bez\u00fcglich einer solchen nicht genehmigten Verwendung oder Verletzung dieser Bedingungen vor.<\/p>\n<p><strong>4. DATENSCHUTZ<\/strong><\/p>\n<p>Sofern innerhalb des Internetangebotes die M\u00f6glichkeit zur Eingabe pers\u00f6nlicher oder gesch\u00e4ftlicher Daten (Emailadressen, Namen, Anschriften) besteht, so erfolgt die Preisgabe dieser Daten seitens des Nutzers auf ausdr\u00fccklich freiwilliger Basis. Die Inanspruchnahme und Bezahlung aller angebotenen Dienste ist &#8211; soweit technisch m\u00f6glich und zumutbar &#8211; auch ohne Angabe solcher Daten bzw. unter Angabe anonymisierter Daten oder eines Pseudonyms gestattet.<\/p>\n<p>\u201eDiese Website benutzt Google Analytics, einen Webanalysedienst der Google Inc. (\u201eGoogle\u201c). Google Analytics verwendet sog. \u201eCookies\u201c, Textdateien, die auf Ihrem Computer gespeichert werden und die eine Analyse der Benutzung der Website durch Sie erm\u00f6glichen. Die durch den Cookie erzeugten Informationen \u00fcber Ihre Benutzung dieser Website (einschlie\u00dflich Ihrer IP-Adresse) wird an einen Server von Google in den USA \u00fcbertragen und dort gespeichert. Google wird diese Informationen benutzen, um Ihre Nutzung der Website auszuwerten, um Reports \u00fcber die Websiteaktivit\u00e4ten f\u00fcr die Websitebetreiber zusammenzustellen und um weitere mit der Websitenutzung und der Internetnutzung verbundene Dienstleistungen zu erbringen. Auch wird Google diese Informationen gegebenenfalls an Dritte \u00fcbertragen, sofern dies gesetzlich vorgeschrieben oder soweit Dritte diese Daten im Auftrag von Google verarbeiten. Google wird in keinem Fall Ihre IP-Adresse mit anderen Daten von Google in Verbindung bringen. Sie k\u00f6nnen die Installation der Cookies durch eine entsprechende Einstellung Ihrer Browser Software verhindern; wir weisen Sie jedoch darauf hin, dass Sie in diesem Fall gegebenenfalls nicht s\u00e4mtliche Funktionen dieser Website vollumf\u00e4nglich nutzen k\u00f6nnen. Durch die Nutzung dieser Website erkl\u00e4ren Sie sich mit der Bearbeitung der \u00fcber Sie erhobenen Daten durch Google in der zuvor beschriebenen Art und Weise und zu dem zuvor benannten Zweck einverstanden.\u201c<\/p>\n<p><strong>5. RECHTSWIRKSAMKEIT DIESES HAFTUNGSAUSSCHLUSSES<\/strong><\/p>\n<p>Dieser Haftungsausschluss ist als Teil des Internetangebotes zu betrachten, von dem aus auf diese Seite verwiesen wurde. Sofern Teile oder einzelne Formulierungen dieses Textes der geltenden Rechtslage nicht, nicht mehr oder nicht vollst\u00e4ndig entsprechen sollten, bleiben die \u00fcbrigen Teile des Dokumentes in ihrem Inhalt und ihrer G\u00fcltigkeit davon unber\u00fchrt.<\/p>\n","protected":false},"excerpt":{"rendered":"<p>Die STADTZEITUNG Wuppertal Angaben gem\u00e4\u00df \u00a7 5 TMG: itrium .softwaretechnik Hendrik St\u00f6tter Lise-Meitner-Stra\u00dfe 5, 42119 Wuppertal Telefon: 0202 \/ 695 90 90 Leitung, Werbung &amp; Advertorials: Hendrik St\u00f6tter Telefon: 0202 \/ 695 90 90 E-Mail: media@itrium.de Chefredaktion: Peter Pionke Mobil: 0049 172 299 8338 E-mail: p.pionke@diestadtzeitung.de \u00a0 Die von uns gesetzten, gestalteten und ver\u00f6ffentlichten Texte, [&hellip;]<\/p>\n","protected":false},"author":1,"featured_media":0,"parent":0,"menu_order":0,"comment_status":"closed","ping_status":"closed","template":"","meta":{"footnotes":""},"class_list":["post-10063","page","type-page","status-publish","hentry"],"publishpress_future_action":{"enabled":false,"date":"2026-05-17 17:31:02","action":"change-status","newStatus":"draft","terms":[],"taxonomy":"","extraData":[]},"publishpress_future_workflow_manual_trigger":{"enabledWorkflows":[]},"_links":{"self":[{"href":"https:\/\/www.die-stadtzeitung.de\/index.php\/wp-json\/wp\/v2\/pages\/10063","targetHints":{"allow":["GET"]}}],"collection":[{"href":"https:\/\/www.die-stadtzeitung.de\/index.php\/wp-json\/wp\/v2\/pages"}],"about":[{"href":"https:\/\/www.die-stadtzeitung.de\/index.php\/wp-json\/wp\/v2\/types\/page"}],"author":[{"embeddable":true,"href":"https:\/\/www.die-stadtzeitung.de\/index.php\/wp-json\/wp\/v2\/users\/1"}],"replies":[{"embeddable":true,"href":"https:\/\/www.die-stadtzeitung.de\/index.php\/wp-json\/wp\/v2\/comments?post=10063"}],"version-history":[{"count":7,"href":"https:\/\/www.die-stadtzeitung.de\/index.php\/wp-json\/wp\/v2\/pages\/10063\/revisions"}],"predecessor-version":[{"id":68158,"href":"https:\/\/www.die-stadtzeitung.de\/index.php\/wp-json\/wp\/v2\/pages\/10063\/revisions\/68158"}],"wp:attachment":[{"href":"https:\/\/www.die-stadtzeitung.de\/index.php\/wp-json\/wp\/v2\/media?parent=10063"}],"curies":[{"name":"wp","href":"https:\/\/api.w.org\/{rel}","templated":true}]}}